{"id":3151,"date":"2025-10-09T17:11:51","date_gmt":"2025-10-09T17:11:51","guid":{"rendered":"https:\/\/enfuncionteatro.com\/?page_id=3151"},"modified":"2025-10-09T18:58:23","modified_gmt":"2025-10-09T18:58:23","slug":"como-si-fueramos-aves","status":"publish","type":"page","link":"https:\/\/enfuncionteatro.com\/ca\/como-si-fueramos-aves\/","title":{"rendered":"Como si fu\u00e9ramos p\u00e1jaros"},"content":{"rendered":"<div data-elementor-type=\"wp-page\" data-elementor-id=\"3151\" class=\"elementor elementor-3151\" data-elementor-post-type=\"page\">\n\t\t\t\t<div class=\"elementor-element elementor-element-e6677a4 e-con-full e-flex e-con e-parent\" data-id=\"e6677a4\" data-element_type=\"container\" data-settings=\"{&quot;background_background&quot;:&quot;classic&quot;}\">\n\t\t\t\t<div class=\"elementor-element elementor-element-0f476bb elementor-widget__width-initial elementor-widget elementor-widget-image\" data-id=\"0f476bb\" data-element_type=\"widget\" data-widget_type=\"image.default\">\n\t\t\t\t<div class=\"elementor-widget-container\">\n\t\t\t\t\t\t\t\t\t\t\t\t\t\t\t<img alt=\"\" fetchpriority=\"high\" decoding=\"async\" width=\"1024\" height=\"585\" src=\"https:\/\/enfuncionteatro.com\/wp-content\/uploads\/2025\/10\/freepik__recrea-la-img1-pero-quita-algunas-d-elas-plantas-q__91311-1024x585.jpeg\" class=\"attachment-large size-large wp-image-3160\" srcset=\"https:\/\/enfuncionteatro.com\/wp-content\/uploads\/2025\/10\/freepik__recrea-la-img1-pero-quita-algunas-d-elas-plantas-q__91311-1024x585.jpeg 1024w, https:\/\/enfuncionteatro.com\/wp-content\/uploads\/2025\/10\/freepik__recrea-la-img1-pero-quita-algunas-d-elas-plantas-q__91311-300x171.jpeg 300w, https:\/\/enfuncionteatro.com\/wp-content\/uploads\/2025\/10\/freepik__recrea-la-img1-pero-quita-algunas-d-elas-plantas-q__91311-768x439.jpeg 768w, https:\/\/enfuncionteatro.com\/wp-content\/uploads\/2025\/10\/freepik__recrea-la-img1-pero-quita-algunas-d-elas-plantas-q__91311-1536x878.jpeg 1536w, https:\/\/enfuncionteatro.com\/wp-content\/uploads\/2025\/10\/freepik__recrea-la-img1-pero-quita-algunas-d-elas-plantas-q__91311-2048x1170.jpeg 2048w, https:\/\/enfuncionteatro.com\/wp-content\/uploads\/2025\/10\/freepik__recrea-la-img1-pero-quita-algunas-d-elas-plantas-q__91311-18x10.jpeg 18w\" sizes=\"(max-width: 1024px) 100vw, 1024px\" \/>\t\t\t\t\t\t\t\t\t\t\t\t\t\t\t<\/div>\n\t\t\t\t<\/div>\n\t\t\t\t<\/div>\n\t\t<div class=\"elementor-element elementor-element-6507616 e-con-full e-flex e-con e-parent\" data-id=\"6507616\" data-element_type=\"container\" data-settings=\"{&quot;background_background&quot;:&quot;classic&quot;}\">\n\t\t<div class=\"elementor-element elementor-element-16c2a93 e-con-full e-flex e-con e-child\" data-id=\"16c2a93\" data-element_type=\"container\">\n\t\t\t\t<div class=\"elementor-element elementor-element-452e98c elementor-widget elementor-widget-heading\" data-id=\"452e98c\" data-element_type=\"widget\" data-widget_type=\"heading.default\">\n\t\t\t\t<div class=\"elementor-widget-container\">\n\t\t\t\t\t<h1 class=\"elementor-heading-title elementor-size-default\">Como si fu\u00e9ramos aves<\/h1>\t\t\t\t<\/div>\n\t\t\t\t<\/div>\n\t\t\t\t<div class=\"elementor-element elementor-element-5bdef45 elementor-widget elementor-widget-text-editor\" data-id=\"5bdef45\" data-element_type=\"widget\" data-widget_type=\"text-editor.default\">\n\t\t\t\t<div class=\"elementor-widget-container\">\n\t\t\t\t\t\t\t\t\t<p>\u00bfPara qu\u00e9 sirven las utop\u00edas? dicen que para seguir andando.<br \/>De eso va esta historia: de miles de kil\u00f3metros lejos de casa, tres viajeros y un mapa del tesoro que nunca existi\u00f3.<br \/>Humor, juego e iron\u00eda para hablar de la migraci\u00f3n como un vuelo sin mapa, como una excusa para seguir andando.<\/p>\t\t\t\t\t\t\t\t<\/div>\n\t\t\t\t<\/div>\n\t\t\t\t<div class=\"elementor-element elementor-element-f466311 elementor-widget elementor-widget-text-editor\" data-id=\"f466311\" data-element_type=\"widget\" data-widget_type=\"text-editor.default\">\n\t\t\t\t<div class=\"elementor-widget-container\">\n\t\t\t\t\t\t\t\t\t<h3>Estreno previsto: 2\u00b0 semestre del 2026<\/h3>\t\t\t\t\t\t\t\t<\/div>\n\t\t\t\t<\/div>\n\t\t\t\t<\/div>\n\t\t\t\t<\/div>\n\t\t<div class=\"elementor-element elementor-element-c5a3a97 e-flex e-con-boxed e-con e-parent\" data-id=\"c5a3a97\" data-element_type=\"container\" data-settings=\"{&quot;background_background&quot;:&quot;classic&quot;}\">\n\t\t\t\t\t<div class=\"e-con-inner\">\n\t\t\t\t\t<\/div>\n\t\t\t\t<\/div>\n\t\t<div class=\"elementor-element elementor-element-bb8ee6a e-flex e-con-boxed e-con e-parent\" data-id=\"bb8ee6a\" data-element_type=\"container\" data-settings=\"{&quot;background_background&quot;:&quot;classic&quot;}\">\n\t\t\t\t\t<div class=\"e-con-inner\">\n\t\t\t\t\t<\/div>\n\t\t\t\t<\/div>\n\t\t<div class=\"elementor-element elementor-element-a8ffa59 e-flex e-con-boxed e-con e-parent\" data-id=\"a8ffa59\" data-element_type=\"container\" data-settings=\"{&quot;background_background&quot;:&quot;classic&quot;}\">\n\t\t\t\t\t<div class=\"e-con-inner\">\n\t\t<div class=\"elementor-element elementor-element-37cd897 e-con-full e-flex e-con e-child\" data-id=\"37cd897\" data-element_type=\"container\">\n\t\t\t\t<div class=\"elementor-element elementor-element-dc67788 elementor-widget-divider--view-line elementor-widget elementor-widget-divider\" data-id=\"dc67788\" data-element_type=\"widget\" data-widget_type=\"divider.default\">\n\t\t\t\t<div class=\"elementor-widget-container\">\n\t\t\t\t\t\t\t<div class=\"elementor-divider\">\n\t\t\t<span class=\"elementor-divider-separator\">\n\t\t\t\t\t\t<\/span>\n\t\t<\/div>\n\t\t\t\t\t\t<\/div>\n\t\t\t\t<\/div>\n\t\t\t\t<div class=\"elementor-element elementor-element-e341a1d elementor-widget elementor-widget-heading\" data-id=\"e341a1d\" data-element_type=\"widget\" data-widget_type=\"heading.default\">\n\t\t\t\t<div class=\"elementor-widget-container\">\n\t\t\t\t\t<h2 class=\"elementor-heading-title elementor-size-default\">Equip art\u00edstic<\/h2>\t\t\t\t<\/div>\n\t\t\t\t<\/div>\n\t\t\t\t<div class=\"elementor-element elementor-element-a575d72 elementor-widget elementor-widget-text-editor\" data-id=\"a575d72\" data-element_type=\"widget\" data-widget_type=\"text-editor.default\">\n\t\t\t\t<div class=\"elementor-widget-container\">\n\t\t\t\t\t\t\t\t\t<div><b>Dramaturgia i direcci\u00f3:\u00a0<\/b><\/div><div><p>Claudia Marcela Estrada Garc\u00eda<\/p><p><b>Int\u00e8rprets:<\/b><br \/>Clara Barniol, Fernando Unzueta y Claudia Marcela Estrada.<\/p><p><b>Iluminaci\u00f3n y escenograf\u00eda:<\/b><\/p><p>Kala Badessich<\/p><p><b>M\u00fasica:<\/b><br \/>Miguel Ram\u00f3n<\/p><p><b>Disseny de vestuari:<\/b><br \/>Laura Azuaga <\/p><p><b>Fotografia:<\/b><br \/>Andr\u00e9s Rozo Samer<\/p><\/div>\t\t\t\t\t\t\t\t<\/div>\n\t\t\t\t<\/div>\n\t\t\t\t<div class=\"elementor-element elementor-element-e00caf4 elementor-widget-divider--view-line elementor-widget elementor-widget-divider\" data-id=\"e00caf4\" data-element_type=\"widget\" data-widget_type=\"divider.default\">\n\t\t\t\t<div class=\"elementor-widget-container\">\n\t\t\t\t\t\t\t<div class=\"elementor-divider\">\n\t\t\t<span class=\"elementor-divider-separator\">\n\t\t\t\t\t\t<\/span>\n\t\t<\/div>\n\t\t\t\t\t\t<\/div>\n\t\t\t\t<\/div>\n\t\t\t\t<div class=\"elementor-element elementor-element-4a4ea6e elementor-position-left elementor-widget__width-auto elementor-widget-tablet__width-inherit elementor-view-default elementor-mobile-position-top elementor-widget elementor-widget-icon-box\" data-id=\"4a4ea6e\" data-element_type=\"widget\" data-widget_type=\"icon-box.default\">\n\t\t\t\t<div class=\"elementor-widget-container\">\n\t\t\t\t\t\t\t<div class=\"elementor-icon-box-wrapper\">\n\n\t\t\t\t\t\t<div class=\"elementor-icon-box-icon\">\n\t\t\t\t<span  class=\"elementor-icon\">\n\t\t\t\t<svg aria-hidden=\"true\" class=\"e-font-icon-svg e-fas-store\" viewbox=\"0 0 616 512\" xmlns=\"http:\/\/www.w3.org\/2000\/svg\"><path d=\"M602 118.6L537.1 15C531.3 5.7 521 0 510 0H106C95 0 84.7 5.7 78.9 15L14 118.6c-33.5 53.5-3.8 127.9 58.8 136.4 4.5.6 9.1.9 13.7.9 29.6 0 55.8-13 73.8-33.1 18 20.1 44.3 33.1 73.8 33.1 29.6 0 55.8-13 73.8-33.1 18 20.1 44.3 33.1 73.8 33.1 29.6 0 55.8-13 73.8-33.1 18.1 20.1 44.3 33.1 73.8 33.1 4.7 0 9.2-.3 13.7-.9 62.8-8.4 92.6-82.8 59-136.4zM529.5 288c-10 0-19.9-1.5-29.5-3.8V384H116v-99.8c-9.6 2.2-19.5 3.8-29.5 3.8-6 0-12.1-.4-18-1.2-5.6-.8-11.1-2.1-16.4-3.6V480c0 17.7 14.3 32 32 32h448c17.7 0 32-14.3 32-32V283.2c-5.4 1.6-10.8 2.9-16.4 3.6-6.1.8-12.1 1.2-18.2 1.2z\"><\/path><\/svg>\t\t\t\t<\/span>\n\t\t\t<\/div>\n\t\t\t\n\t\t\t\t\t\t<div class=\"elementor-icon-box-content\">\n\n\t\t\t\t\t\t\t\t\t<h6 class=\"elementor-icon-box-title\">\n\t\t\t\t\t\t<span  >\n\t\t\t\t\t\t\tContacte\t\t\t\t\t\t<\/span>\n\t\t\t\t\t<\/h6>\n\t\t\t\t\n\t\t\t\t\t\t\t\t\t<p class=\"elementor-icon-box-description\">\n\t\t\t\t\t\tWhatsapp: +34 643 937 855<br>Email: estamosenfuncion@gmail.com\t\t\t\t\t<\/p>\n\t\t\t\t\n\t\t\t<\/div>\n\t\t\t\n\t\t<\/div>\n\t\t\t\t\t\t<\/div>\n\t\t\t\t<\/div>\n\t\t\t\t<\/div>\n\t\t<div class=\"elementor-element elementor-element-9d24b9b e-con-full e-flex e-con e-child\" data-id=\"9d24b9b\" data-element_type=\"container\">\n\t\t\t\t<div class=\"elementor-element elementor-element-db29f54 elementor-widget elementor-widget-image\" data-id=\"db29f54\" data-element_type=\"widget\" data-widget_type=\"image.default\">\n\t\t\t\t<div class=\"elementor-widget-container\">\n\t\t\t\t\t\t\t\t\t\t\t\t\t\t\t<img alt=\"\" decoding=\"async\" width=\"375\" height=\"669\" src=\"https:\/\/enfuncionteatro.com\/wp-content\/uploads\/2025\/10\/bf2d09d7cea04a774dde3081253ed184.jpg\" class=\"attachment-large size-large wp-image-3223\" srcset=\"https:\/\/enfuncionteatro.com\/wp-content\/uploads\/2025\/10\/bf2d09d7cea04a774dde3081253ed184.jpg 375w, https:\/\/enfuncionteatro.com\/wp-content\/uploads\/2025\/10\/bf2d09d7cea04a774dde3081253ed184-168x300.jpg 168w, https:\/\/enfuncionteatro.com\/wp-content\/uploads\/2025\/10\/bf2d09d7cea04a774dde3081253ed184-7x12.jpg 7w\" sizes=\"(max-width: 375px) 100vw, 375px\" \/>\t\t\t\t\t\t\t\t\t\t\t\t\t\t\t<\/div>\n\t\t\t\t<\/div>\n\t\t\t\t<\/div>\n\t\t\t\t\t<\/div>\n\t\t\t\t<\/div>\n\t\t<div class=\"elementor-element elementor-element-7960f67 e-flex e-con-boxed e-con e-parent\" data-id=\"7960f67\" data-element_type=\"container\" data-settings=\"{&quot;background_background&quot;:&quot;classic&quot;}\">\n\t\t\t\t\t<div class=\"e-con-inner\">\n\t\t<div class=\"elementor-element elementor-element-8cd775e e-con-full e-flex e-con e-child\" data-id=\"8cd775e\" data-element_type=\"container\" data-settings=\"{&quot;background_background&quot;:&quot;classic&quot;}\">\n\t\t<div class=\"elementor-element elementor-element-85cb9a1 e-con-full e-flex e-con e-child\" data-id=\"85cb9a1\" data-element_type=\"container\">\n\t\t\t\t<div class=\"elementor-element elementor-element-83e25b1 elementor-widget elementor-widget-heading\" data-id=\"83e25b1\" data-element_type=\"widget\" data-widget_type=\"heading.default\">\n\t\t\t\t<div class=\"elementor-widget-container\">\n\t\t\t\t\t<h2 class=\"elementor-heading-title elementor-size-default\">Presentaci\u00f3n del proyecto<\/h2>\t\t\t\t<\/div>\n\t\t\t\t<\/div>\n\t\t\t\t<div class=\"elementor-element elementor-element-7f4aa8f elementor-widget elementor-widget-video\" data-id=\"7f4aa8f\" data-element_type=\"widget\" data-settings=\"{&quot;youtube_url&quot;:&quot;https:\\\/\\\/youtu.be\\\/PZolAwNgWCc&quot;,&quot;lazy_load&quot;:&quot;yes&quot;,&quot;show_image_overlay&quot;:&quot;yes&quot;,&quot;image_overlay&quot;:{&quot;url&quot;:&quot;https:\\\/\\\/enfuncionteatro.com\\\/wp-content\\\/uploads\\\/2025\\\/10\\\/freepik__recrea-la-img1-pero-quita-algunas-d-elas-plantas-q__91311-scaled.jpeg&quot;,&quot;id&quot;:3160,&quot;size&quot;:&quot;&quot;,&quot;alt&quot;:&quot;&quot;,&quot;source&quot;:&quot;library&quot;},&quot;video_type&quot;:&quot;youtube&quot;,&quot;controls&quot;:&quot;yes&quot;}\" data-widget_type=\"video.default\">\n\t\t\t\t<div class=\"elementor-widget-container\">\n\t\t\t\t\t\t\t<div class=\"elementor-wrapper elementor-open-inline\">\n\t\t\t<div class=\"elementor-video\"><\/div>\t\t\t\t<div class=\"elementor-custom-embed-image-overlay\" style=\"background-image: url(https:\/\/enfuncionteatro.com\/wp-content\/uploads\/2025\/10\/freepik__recrea-la-img1-pero-quita-algunas-d-elas-plantas-q__91311-scaled.jpeg);\">\n\t\t\t\t\t\t\t\t\t\t\t\t\t\t\t\t<div class=\"elementor-custom-embed-play\" role=\"button\" aria-label=\"Reprodueix v\u00eddeo\" tabindex=\"0\" data-no-translation-aria-label=\"\">\n\t\t\t\t\t\t\t<svg aria-hidden=\"true\" class=\"e-font-icon-svg e-eicon-play\" viewbox=\"0 0 1000 1000\" xmlns=\"http:\/\/www.w3.org\/2000\/svg\"><path d=\"M838 162C746 71 633 25 500 25 371 25 258 71 163 162 71 254 25 367 25 500 25 633 71 746 163 837 254 929 367 979 500 979 633 979 746 933 838 837 929 746 975 633 975 500 975 367 929 254 838 162M808 192C892 279 933 379 933 500 933 621 892 725 808 808 725 892 621 938 500 938 379 938 279 896 196 808 113 725 67 621 67 500 67 379 108 279 196 192 279 108 383 62 500 62 621 62 721 108 808 192M438 392V642L642 517 438 392Z\"><\/path><\/svg>\t\t\t\t\t\t<\/div>\n\t\t\t\t\t\t\t\t\t<\/div>\n\t\t\t\t\t<\/div>\n\t\t\t\t\t\t<\/div>\n\t\t\t\t<\/div>\n\t\t\t\t<\/div>\n\t\t\t\t<\/div>\n\t\t\t\t\t<\/div>\n\t\t\t\t<\/div>\n\t\t\t\t<\/div>","protected":false},"excerpt":{"rendered":"<p>Como si fu\u00e9ramos aves \u00bfPara qu\u00e9 sirven las utop\u00edas? dicen que para seguir andando.De eso va esta historia: de miles de kil\u00f3metros lejos de casa, tres viajeros y un mapa del tesoro que nunca existi\u00f3.Humor, juego e iron\u00eda para hablar de la migraci\u00f3n como un vuelo sin mapa, como una excusa para seguir andando. Estreno [&hellip;]<\/p>","protected":false},"author":1,"featured_media":0,"parent":0,"menu_order":0,"comment_status":"closed","ping_status":"closed","template":"","meta":{"_seopress_robots_primary_cat":"","_seopress_titles_title":"","_seopress_titles_desc":"","_seopress_robots_index":"","site-sidebar-layout":"no-sidebar","site-content-layout":"page-builder","ast-site-content-layout":"full-width-container","site-content-style":"unboxed","site-sidebar-style":"unboxed","ast-global-header-display":"","ast-banner-title-visibility":"","ast-main-header-display":"","ast-hfb-above-header-display":"","ast-hfb-below-header-display":"","ast-hfb-mobile-header-display":"","site-post-title":"disabled","ast-breadcrumbs-content":"disabled","ast-featured-img":"disabled","footer-sml-layout":"","theme-transparent-header-meta":"enabled","adv-header-id-meta":"","stick-header-meta":"","header-above-stick-meta":"","header-main-stick-meta":"","header-below-stick-meta":"","astra-migrate-meta-layouts":"set","ast-page-background-enabled":"default","ast-page-background-meta":{"desktop":{"background-color":"var(--ast-global-color-4)","background-image":"","background-repeat":"repeat","background-position":"center center","background-size":"auto","background-attachment":"scroll","background-type":"","background-media":"","overlay-type":"","overlay-color":"","overlay-opacity":"","overlay-gradient":""},"tablet":{"background-color":"","background-image":"","background-repeat":"repeat","background-position":"center center","background-size":"auto","background-attachment":"scroll","background-type":"","background-media":"","overlay-type":"","overlay-color":"","overlay-opacity":"","overlay-gradient":""},"mobile":{"background-color":"","background-image":"","background-repeat":"repeat","background-position":"center center","background-size":"auto","background-attachment":"scroll","background-type":"","background-media":"","overlay-type":"","overlay-color":"","overlay-opacity":"","overlay-gradient":""}},"ast-content-background-meta":{"desktop":{"background-color":"var(--ast-global-color-5)","background-image":"","background-repeat":"repeat","background-position":"center center","background-size":"auto","background-attachment":"scroll","background-type":"","background-media":"","overlay-type":"","overlay-color":"","overlay-opacity":"","overlay-gradient":""},"tablet":{"background-color":"var(--ast-global-color-5)","background-image":"","background-repeat":"repeat","background-position":"center center","background-size":"auto","background-attachment":"scroll","background-type":"","background-media":"","overlay-type":"","overlay-color":"","overlay-opacity":"","overlay-gradient":""},"mobile":{"background-color":"var(--ast-global-color-5)","background-image":"","background-repeat":"repeat","background-position":"center center","background-size":"auto","background-attachment":"scroll","background-type":"","background-media":"","overlay-type":"","overlay-color":"","overlay-opacity":"","overlay-gradient":""}},"footnotes":""},"class_list":["post-3151","page","type-page","status-publish","hentry"],"_links":{"self":[{"href":"https:\/\/enfuncionteatro.com\/ca\/wp-json\/wp\/v2\/pages\/3151","targetHints":{"allow":["GET"]}}],"collection":[{"href":"https:\/\/enfuncionteatro.com\/ca\/wp-json\/wp\/v2\/pages"}],"about":[{"href":"https:\/\/enfuncionteatro.com\/ca\/wp-json\/wp\/v2\/types\/page"}],"author":[{"embeddable":true,"href":"https:\/\/enfuncionteatro.com\/ca\/wp-json\/wp\/v2\/users\/1"}],"replies":[{"embeddable":true,"href":"https:\/\/enfuncionteatro.com\/ca\/wp-json\/wp\/v2\/comments?post=3151"}],"version-history":[{"count":23,"href":"https:\/\/enfuncionteatro.com\/ca\/wp-json\/wp\/v2\/pages\/3151\/revisions"}],"predecessor-version":[{"id":3244,"href":"https:\/\/enfuncionteatro.com\/ca\/wp-json\/wp\/v2\/pages\/3151\/revisions\/3244"}],"wp:attachment":[{"href":"https:\/\/enfuncionteatro.com\/ca\/wp-json\/wp\/v2\/media?parent=3151"}],"curies":[{"name":"wp","href":"https:\/\/api.w.org\/{rel}","templated":true}]}}